{"id":82,"date":"2020-08-16T08:52:45","date_gmt":"2020-08-16T08:52:45","guid":{"rendered":"https:\/\/galibsljivo.ba\/?page_id=82"},"modified":"2020-08-16T10:32:51","modified_gmt":"2020-08-16T10:32:51","slug":"intervjui","status":"publish","type":"page","link":"https:\/\/galibsljivo.ba\/index.php\/intervjui\/","title":{"rendered":"Intervjui"},"content":{"rendered":"<h3>Intervjui<\/h3>\n<div>\n<hr id=\"null\" \/>\n<\/div>\n<div>\n<div class=\"content-row\">\n<div class=\"content-row-img\"><img decoding=\"async\" src=\"https:\/\/www.galibsljivo.com\/test1\/kickstart\/images\/stories\/demo\/galib.png\" alt=\"image\" \/><\/div>\n<div class=\"content-row-desc\">\n<h3>Huseinbeg Grada\u0161\u0107evi\u0107<\/h3>\n<\/div>\n<div>Intervju akademika Galiba \u0160ljive dat Avdi Huseinovi\u0107u re\u017eiseru filma u julu 2017.g.<em><strong><a href=\"https:\/\/youtu.be\/1I7pNDr4Vx8\" target=\"_blank\" rel=\"noopener noreferrer\">Pogledajte<\/a><\/strong><\/em><a class=\"readon\">01-12-2017<\/a><\/p>\n<\/div>\n<\/div>\n<\/div>\n<div>\n<div class=\"content-row\">\n<div class=\"content-row-img\"><img decoding=\"async\" src=\"https:\/\/www.galibsljivo.com\/test1\/kickstart\/images\/stories\/demo\/galib.png\" alt=\"image\" \/><\/div>\n<div class=\"content-row-desc\">\n<h3>Dr. Galib \u0160ljivo &#8211; Intervju &#8211; Radio Ora\u0161je<\/h3>\n<p><em><strong><a href=\"https:\/\/www.galibsljivo.com\/test1\/kickstart\/images\/stories\/EMISIJA.mp3\" target=\"_blank\" rel=\"noopener noreferrer\">Poslu\u0161ajte<\/a><\/strong><\/em><a class=\"readon\">13-09-2017<\/a><\/p>\n<\/div>\n<\/div>\n<\/div>\n<div>\n<div class=\"content-row\">\n<div class=\"content-row-img\"><img decoding=\"async\" src=\"https:\/\/www.galibsljivo.com\/test1\/kickstart\/images\/stories\/demo\/galib.png\" alt=\"image\" \/><\/div>\n<div class=\"content-row-desc\">\n<h3>Portreti &#8211; Od u\u010ditelja do doktora<\/h3>\n<p>Kako je Galib \u0160ljivo, za nepunu deceniju zavr\u0161io pedago\u0161ku akademiju, filozofski fakultet, postdiplomske studije, da bi napokon i doktorirao, uz puno anga\u017eovanje kao vaspita\u010d i dru\u0161tveno-politi\u010dki radnik.\u00a0<strong><em><a href=\"https:\/\/www.galibsljivo.com\/test1\/kickstart\/index.php?option=com_content&amp;view=article&amp;id=111:ucitelj-doktor&amp;catid=39:int&amp;Itemid=112\">Op\u0161irnije ::<\/a><\/em><\/strong><a class=\"readon\">\u00a0<\/a><\/p>\n<\/div>\n<\/div>\n<div class=\"content-row\">\n<div class=\"content-row-img\"><img decoding=\"async\" src=\"https:\/\/www.galibsljivo.com\/test1\/kickstart\/images\/stories\/demo\/inter.png\" alt=\"image\" \/><\/div>\n<div class=\"content-row-desc\">\n<h3>Ram za jedan portret &#8211; Doktor istrajnosti<\/h3>\n<p>U maloj sredini, u kojoj kulturni \u017eivot tinja ili ga nema nikako,\u00a0\u010dovjek mo\u017ee slobodno vrijeme koristiti dvojako: ili da zareda po kafanicama i sijelima, ili da se preda knjizi i nauci. To tvrdi 42-godi\u0161nji Galib \u0160ljivo koji je, \u017eive\u0107i u Ora\u0161ju na Savi, \u201edogurao\u201c, vanredno studiraju\u0107i, do doktora istorijskih nauka!\u00a0<a href=\"https:\/\/www.galibsljivo.com\/test1\/kickstart\/index.php?option=com_content&amp;view=article&amp;id=112:ram&amp;catid=39:int&amp;Itemid=112\"><strong><em>Op\u0161irnije ::<\/em><\/strong><\/a><\/p>\n<\/div>\n<\/div>\n<div class=\"content-row\">\n<div class=\"content-row-img\"><img decoding=\"async\" src=\"https:\/\/www.galibsljivo.com\/test1\/kickstart\/images\/stories\/demo\/monog.png\" alt=\"image\" \/><\/div>\n<div class=\"content-row-desc\">\n<h3>Dr. Galib \u0160ljivo o novom izdanju Banjolu\u010dkog instituta za istoriju<br \/>\nNOVI PRILOZI ZA MONOGRAFIJU<\/h3>\n<p>Kraji\u0161nici su hrabro branili granicu Bosne,jer je to njihova domovina i nisu ni pomi\u0161ljali da je napuste \u2013 ka\u017ee autor knjige \u201eBosna i Hercegovina 1788 -1812\u201c.\u00a0<a href=\"https:\/\/www.galibsljivo.com\/test1\/kickstart\/index.php?option=com_content&amp;view=article&amp;id=113:dr-galib-ljivo-o-novom-izdanju-banjolukog-instituta-za-istoriju&amp;catid=39:int&amp;Itemid=112\"><strong><em>Op\u0161irnije ::<\/em><\/strong><\/a><\/p>\n<\/div>\n<\/div>\n<div class=\"content-row\">\n<div class=\"content-row-img\"><img decoding=\"async\" src=\"https:\/\/www.galibsljivo.com\/test1\/kickstart\/images\/stories\/demo\/monog.png\" alt=\"image\" \/><\/div>\n<div class=\"content-row-desc\">\n<h3>Susreti &#8211; Bosna kao slika vremena<\/h3>\n<p>U svim mojim radovima, zaista, pazim da me \u010ditaoci dobro razumiju. jer rije\u010d je o vremenski udaljenom svijetu,\u00a0 koji je imao druga\u010diji na\u010din \u017eivota i razmi\u0161ljanja, znatno u\u017ee kretanje i jednostavnije predstave \u0161to je, dana\u0161njem \u010ditaocu, te\u017ee shvatiti ukoliko\u00a0 data slika tog vremena nije uvjerljiva, ka\u017ee Galib \u0160ljivo.\u00a0<em><a href=\"https:\/\/www.galibsljivo.com\/test1\/kickstart\/index.php?option=com_content&amp;view=article&amp;id=114:susreti&amp;catid=39:int&amp;Itemid=112\"><strong>Op\u0161irnije ::<\/strong><\/a><\/em><\/p>\n<\/div>\n<\/div>\n<div class=\"content-row\">\n<div class=\"content-row-img\"><img decoding=\"async\" src=\"https:\/\/www.galibsljivo.com\/test1\/kickstart\/images\/stories\/demo\/monog.png\" alt=\"image\" \/><\/div>\n<div class=\"content-row-desc\">\n<h3>Povijest ne\u0161to nosi<\/h3>\n<p>Razgovor s prof. dr Galibom \u0160ljivom, direktorom Instituta za<br \/>\nistoriju, predsjednikom predsjedni\u0161tva Saveza histori\u010dara Jugoslavije.<br \/>\nProf. dr Galib \u0160ljivo, ro\u0111en 1933. godine u Br\u010digovu (Rogatica), istori\u010dar koji se posvetio izu\u010davanju XIX vijeka u Bosni i Hercegovini. djela: \u201eOmer \u2013 pa\u0161a Latas u Bosni i Hercegovini 1850-1852\u201c, \u201eKlek i Sutorina 1814-1875\u201c. Glavni urednik \u201eZbornika Instituta za istoriju u Banjoj Luci\u201c koji je u tri broja donio niz novih radova iz istorije Banje Luke i bosanske krajine. Objavio, pored knjiga, dvadesetak nau\u010dnih radova u jugoslavenskih istorijskim \u010dasopisima. Sada radi na nau\u010dnom projektu: \u201eOdnos Austrije i Turske prema Bosni i Hercegovine od Be\u010dkog do Berlinskog Kongresa.\u00a0<strong><em><a href=\"https:\/\/www.galibsljivo.com\/test1\/kickstart\/index.php?option=com_content&amp;view=article&amp;id=115:povijest-nesto-nosi&amp;catid=39:int&amp;Itemid=112\">Op\u0161irnije ::<\/a><\/em><\/strong><\/p>\n<\/div>\n<\/div>\n<div class=\"content-row\">\n<div class=\"content-row-img\"><img decoding=\"async\" src=\"https:\/\/www.galibsljivo.com\/test1\/kickstart\/images\/stories\/demo\/monog.png\" alt=\"image\" \/><\/div>\n<div class=\"content-row-desc\">\n<h3>Dr. Galib \u0160ljivo &#8211; doktor istrajnosti<\/h3>\n<p>Me\u0111u posavskim intelektualcima ima i onih koji su svojim djelom davno prevazi\u0161li granice Posavine, pa i Bosne i Hercegovine. Njih citiraju i pozivaju se na njihove radove u mnogim zemljama svijeta, na \u0161to se mi Posavci posebno ponosimo kada to vidimo i \u010dujemo. Sje\u0107am se kako mi je jednom prilikom ugled porastao kad sam rekao da mi je fra Marko Or\u0161oli\u0107 (Strikan) zemljak, i da se \u010dak osobno poznajemo.\u00a0<a href=\"https:\/\/www.galibsljivo.com\/test1\/kickstart\/index.php?option=com_content&amp;view=article&amp;id=96:dr-galib-ljivo-doktor-istrajnosti&amp;catid=39:int&amp;Itemid=112\"><em><strong>Op\u0161irnije::<\/strong><\/em><\/a><\/p>\n<\/div>\n<\/div>\n<\/div>\n","protected":false},"excerpt":{"rendered":"<p>Intervjui Huseinbeg Grada\u0161\u0107evi\u0107 Intervju akademika Galiba \u0160ljive dat Avdi Huseinovi\u0107u re\u017eiseru filma u julu 2017.g.Pogledajte01-12-2017 Dr. Galib \u0160ljivo &#8211; Intervju &#8211; Radio Ora\u0161je Poslu\u0161ajte13-09-2017 Portreti &#8211; Od u\u010ditelja do doktora Kako je Galib \u0160ljivo, za nepunu deceniju zavr\u0161io pedago\u0161ku akademiju, filozofski fakultet, postdiplomske studije, da bi napokon i doktorirao, uz puno anga\u017eovanje kao vaspita\u010d i &hellip; <a href=\"https:\/\/galibsljivo.ba\/index.php\/intervjui\/\" class=\"more-link\">Nastavi \u010ditati <span class=\"screen-reader-text\">Intervjui<\/span> <span class=\"meta-nav\">&rarr;<\/span><\/a><\/p>\n","protected":false},"author":1,"featured_media":0,"parent":0,"menu_order":9,"comment_status":"closed","ping_status":"closed","template":"","meta":{"footnotes":""},"class_list":["post-82","page","type-page","status-publish","hentry"],"_links":{"self":[{"href":"https:\/\/galibsljivo.ba\/index.php\/wp-json\/wp\/v2\/pages\/82","targetHints":{"allow":["GET"]}}],"collection":[{"href":"https:\/\/galibsljivo.ba\/index.php\/wp-json\/wp\/v2\/pages"}],"about":[{"href":"https:\/\/galibsljivo.ba\/index.php\/wp-json\/wp\/v2\/types\/page"}],"author":[{"embeddable":true,"href":"https:\/\/galibsljivo.ba\/index.php\/wp-json\/wp\/v2\/users\/1"}],"replies":[{"embeddable":true,"href":"https:\/\/galibsljivo.ba\/index.php\/wp-json\/wp\/v2\/comments?post=82"}],"version-history":[{"count":2,"href":"https:\/\/galibsljivo.ba\/index.php\/wp-json\/wp\/v2\/pages\/82\/revisions"}],"predecessor-version":[{"id":155,"href":"https:\/\/galibsljivo.ba\/index.php\/wp-json\/wp\/v2\/pages\/82\/revisions\/155"}],"wp:attachment":[{"href":"https:\/\/galibsljivo.ba\/index.php\/wp-json\/wp\/v2\/media?parent=82"}],"curies":[{"name":"wp","href":"https:\/\/api.w.org\/{rel}","templated":true}]}}