{"id":74,"date":"2020-08-16T08:51:28","date_gmt":"2020-08-16T08:51:28","guid":{"rendered":"https:\/\/galibsljivo.ba\/?page_id=74"},"modified":"2020-08-16T15:02:18","modified_gmt":"2020-08-16T15:02:18","slug":"historijske-monografije","status":"publish","type":"page","link":"https:\/\/galibsljivo.ba\/index.php\/historijske-monografije\/","title":{"rendered":"Historijske monografije"},"content":{"rendered":"<p>akademika prof. dr. Galiba \u0160ljive<\/p>\n<p>&nbsp;<\/p>\n<ol>\n<li>MONOGRAFIJE<\/li>\n<\/ol>\n<p>A-1 <em>Objavljene monografije<\/em><\/p>\n<p>\u0160ljivo, Galib<\/p>\n<ol>\n<li><strong><em> Klek i <\/em><\/strong><strong><em>Sutorina<\/em><\/strong><strong><em> u <\/em><\/strong><strong><em>ma\u0111unarodnim<\/em><\/strong><strong><em> odnosima 1815.\u20141878.<\/em><\/strong> \/Galib \u0160ljivo.- Beograd: Filozofski fakultet, 1977.- 192. str. ilustr. 3.; 21 cm.<\/li>\n<\/ol>\n<p>Magistarski rad odbranjen na Filozofskom fakultetu u Beogradu, 1972. godine.<\/p>\n<p>949.715\u201c1815-1878\u201c<\/p>\n<p>&nbsp;<\/p>\n<p>\u0160ljivo, Galib<\/p>\n<ol start=\"2\">\n<li><strong><em> Omer<\/em><\/strong><strong><em>-pa\u0161a <\/em><\/strong><strong><em>Latas<\/em><\/strong><strong><em> u Bosni i Hercegovini 1850.\u20141852.<\/em><\/strong> \/ dr Galib \u0160ljivo\/.-Sarajevo : \u201eSvjetlost\u201c, 1977. \u2013218 str. ; 24 cm.<\/li>\n<\/ol>\n<p>Izvori i literatura: str. 181-206.<\/p>\n<p>949.715 \u201e1850\/1852\u201c<\/p>\n<p>\u0160ljivo, Galib<\/p>\n<ol start=\"3\">\n<li><strong><em> Omer Lutfi -pa\u0161a u Bosni i Hercegovini 1850.\u20141852.<\/em><\/strong> <strong><em>Drugo izdanje.<\/em><\/strong><\/li>\n<\/ol>\n<p>\/Galib \u0160ljivo. \u2013 2. Izd. \u2013 Te\u0161aanj : Planjax, 2007. \u2013 630 str. ; 24 cm<\/p>\n<p>Predgovor: str. 5 \u2013 13. \u2013 Dr. Galib \u0160ljivo:\u00a0 str. 628-630. \u2013 Bibliografija: str. 531-594 ; Zaklju\u010dak: str. 515-522; \u2013 Epiloque: str. 523-530.; &#8211; Rje\u010dnik: str. 595-611. Registar osobnih imena: str. 613-625.<\/p>\n<p>ISBN 978 \u2013 9958- 34 \u2013 029 &#8211; 1<\/p>\n<p>COBISS. BH-ID 15934470<\/p>\n<p>\u0160ljivo, Galib<\/p>\n<ol start=\"4\">\n<li><strong><em> Bosna i Hercegovina 1788.\u20141812.<\/em><\/strong> \/Galib \u0160ljivo; likovno rje\u0161enje korica: Branko \u0160esti\u0107\/. Banjaluka : Institut za istoriju, 1992. (Travnik: \u201e\u0160tamparsko-izdava\u010dko i prometno dioni\u010dko dru\u0161tvo \u201eBorac\u201c Travnik). \u2013 446 str.; ilustracije: dvije strane u boji; jedna topografska karta ve\u0107eg formata; 22 cm.<\/li>\n<\/ol>\n<p>(Biblioteka \u201eStudije i monografije\u201c; Knjiga 7).<\/p>\n<p>Rije\u010d na kraju: 415-418. \u2013 Das Endwort: 419-422.- Rje\u010dnik: 423-431. Registar li\u010dnih imena: 433-443.<\/p>\n<p>949.715 \u201e1788-1812\u201c<\/p>\n<p>\u0160ljivo, Galib<\/p>\n<ol start=\"5\">\n<li><strong><em> Bosna i Hercegovina 1813.\u20141826.<\/em><\/strong> \/Galib \u0160ljivo; likovno rje\u0161enje korica: Branko \u0160esti\u0107\/. Banjaluka: Institut za istoriju, 1985. (Banjaluka: NIGRO \u201eGlas\u201c Banjaluka, OOUR \u0160tamparija). \u2013 326 str.; 20 cm<\/li>\n<\/ol>\n<p>(Biblioteka \u201eStudije i monografije\u201c; Knjiga 2).<\/p>\n<p>Zaklju\u010dak: str. 294-300. \u2013 Schlu\u00dffolgerung: str. 301-308. &#8211; Rje\u010dnik: str. 309-314. Registar li\u010dnih imena: str.315-324.<\/p>\n<p>949.715 \u201e1813\u20141826\u201c.<\/p>\n<p>\u0160ljivo, Galib<\/p>\n<ol start=\"6\">\n<li><strong><em> Bosna i Hercegovina 1813.\u20141826. Drugo izdanje.<\/em><\/strong> \/Galib \u0160ljivo; likovno rje\u0161enje korica: Branko \u0160esti\u0107\/. \u2013 2. izd. &#8211; Banjaluka : Institut za istoriju, 1988. (Travnik: SOUR \u201eBorac\u201c \u2013 RO \u0160tamparija i kartona\u017ea ), \u2013 341 str.; ilustracije: \u010detiri strane u boji; 22 cm.<\/li>\n<\/ol>\n<p>(Biblioteka \u201eStudije i monografije\u201c; Knjiga 4).<\/p>\n<p>Zaklju\u010dak: str. 306-312. \u2013 Schlu\u00dffolgerung: str. 313-320. &#8211; Rje\u010dnik: str. 321-327. Registar li\u010dnih imena: str. 328-338. Uz drugo izdanje: str. 339.<\/p>\n<p>949.715 \u201e1813\u20141826\u201c.<\/p>\n<p>\u0160ljivo, Galib<\/p>\n<ol start=\"7\">\n<li><strong><em> Bosna i Hercegovina 1813.\u20141826. Tre\u0107e izdanje.<\/em><\/strong> \/Galib \u0160ljivo, -3. izd. \u2013 Te\u0161anj: Planjax. \u2013 474 str. : ilustr. ; 20 cm.- (Biblioteka Logos ; kolo 4. Knj. 5)<\/li>\n<\/ol>\n<p>Zaklju\u010dak: str. 429-8438. \u2013 Schlu\u00dffolgerung: str. 439-449. &#8211; Rje\u010dnik: str. 451-460. Registar li\u010dnih imena: str. 461-469.<\/p>\n<p>CIP \u2013 Katalogizacija u publikaciji Nacionalna i univerzitetska biblioteka Bosne i Hercegovine<\/p>\n<p>94 (497 .6) \u201e18\u201c<\/p>\n<p>ISBN 9958-34-013-5<\/p>\n<p>COBISS.BH-ID 15040262<\/p>\n<p>\u0160ljivo, Galib<\/p>\n<ol start=\"8\">\n<li><strong><em> Bosna i Hercegovina 1827.\u20141849.<\/em><\/strong> \/Galib \u0160ljivo. Banjaluka; likovno rje\u0161enje korica: Branko \u0160esti\u0107\/. \u2013 Banjaluka : Institut za istoriju, 1988. (Travnik: \u0160tamparsko-izdava\u010dko i prometno preduze\u0107e \u201eBorac\u201c). \u2013 488 str.; ilustracije: \u010detiri strane; 22 cm.<\/li>\n<\/ol>\n<p>(Biblioteka \u201eStudije i monografije\u201c; Knjiga 6).<\/p>\n<p>Rije\u010d na kraju: str. 455-460; \u2013 Schlusswort: str. 461-467.; &#8211; Rje\u010dnik: str. 468-472. Registar li\u010dnih imena: str. 473-485.<\/p>\n<p>949.715 \u201e1827\u20141849\u201c.<\/p>\n<p>\u0160ljivo, Galib<\/p>\n<ol start=\"9\">\n<li><strong><em> Bosna i Hercegovina 1827.\u20141849.<\/em><\/strong> Drugo izdanje. \/Galib \u0160ljivo. &#8211; 2. izd. \u2013 Te\u0161anj: \u2013 Planjax , 2006. &#8211; 589 str. : 21 cm.<\/li>\n<\/ol>\n<p>Rije\u010d na kraju: str. 543-552; \u2013 Schlusswort: str. 553-563.; &#8211; Rje\u010dnik: str. 565-576. Registar osobnih imena: str. 577-587.<\/p>\n<p>ISBN 9958 \u2013 34 \u2013 009 &#8211; 7<\/p>\n<p>COBISS. BH-ID 14760198<\/p>\n<p>\u0160ljivo, Galib<\/p>\n<ol start=\"10\">\n<li><strong><em> Bosna i Hercegovina 1849.\u20141853.<\/em><\/strong> \/Galib \u0160ljivo; -likovno rje\u0161enje korica: Branko \u0160esti\u0107\/. \u2013 Banjaluka: Institut za istoriju, 1990. (Travnik: \u0160tamparsko-izdava\u010dko i prometno preduze\u0107e \u201eBorac\u201c). \u2013 491 str.; ilustracije: \u0161est strana u boji, tri strane topografskih karata; 22 cm.<\/li>\n<\/ol>\n<p>(Biblioteka \u201eStudije i monografije\u201c; Knjiga 6).<\/p>\n<p>Rije\u010d na kraju: str. 445-460; \u2013 Schlusswort: str. 461-467.; &#8211; Rje\u010dnik: str. 468-472. Registar li\u010dnih imena: str. 473-485.<\/p>\n<p>949.715 \u201e1849\u20141853\u201c.<\/p>\n<p>\u0160ljivo, Galib<\/p>\n<ol start=\"11\">\n<li><strong>Prof. dr. Galib \u0160ljivo,<em> Bosna i Hercegovina. 1849.-1853.<\/em><\/strong> Drugo izdanje. Knji\u017earska ku\u0107a PLANJAX KOMERC doo Te\u0161anj, 2016.<\/li>\n<\/ol>\n<p>CIP- Katalogizacija u publikaciji<\/p>\n<p>Nacionalna i univerzitetska biblioteka<\/p>\n<p>Bosne i Hercegovine, Sarajevo<\/p>\n<p>94 (497.6 \u201c1849\/1853\u201c<\/p>\n<p>012 \u0160ljivo G.<\/p>\n<p><strong>\u0160ljivo,Galib<\/strong><\/p>\n<p>Bosna i Hercegovina: 1849-1853.\/ Galib \u0160ljivo.-Te\u0161anj:<\/p>\n<p>Planjax komerc, 2016.- 606 str. : ilustr. ; 21 cm.-<\/p>\n<p>( Edicija Historija Bosne i Hercegovine1788-1878; knj. 4)<\/p>\n<p>Bibliografija i bilje\u0161ke uz tekst.- Registar<\/p>\n<p>ISBN 978-9958- 34 -176 \u2013 2<\/p>\n<p>COBISS. BH-ID 22632198<\/p>\n<p>\u0160ljivo, Galib<\/p>\n<ol start=\"12\">\n<li><strong><em> Bosna i Hercegovina 1854.\u20141860.<\/em><\/strong> \/Galib \u0160ljivo; -likovno rje\u0161enje korica: Branko \u0160esti\u0107\/. \u2013 Landshut: 1998. (\u0160marje Sap: \u0160tampa \u0160tamparija Mi\u0161ma\u0161, \u0160marje Sap). \u2013 624 str.; ilustracije: osam strana u boji, jedna geografska karta; 22 cm.<\/li>\n<\/ol>\n<p>(Biblioteka \u201eStudije i monografije\u201c; Knjiga 8).<\/p>\n<p>Rije\u010d na kraju: str. 581-586; \u2013 Endwort: str. 587-592.; &#8211; Rje\u010dnik: str. 593-600. Registar li\u010dnih imena: str. 601-620.<\/p>\n<p>949.715 \u201e1854\u20141860\u201c.<\/p>\n<p>\u0160ljivo, Galib<\/p>\n<ol start=\"13\">\n<li><strong><em> Bosna i Hercegovina 1861.\u20141869.<\/em><\/strong> \/Galib \u0160ljivo. &#8211; 2. izd. \u2013 Te\u0161anj: \u2013 Planjax , 2005. &#8211; 610 str. : 24 cm.\u00a0 (Biblioteka Logos\/ Planjax ; kolo 3, knj. 4)<\/li>\n<\/ol>\n<p>Rije\u010d na kraju: str. 579-586; \u2013 Schlu\u03b2wort: str. 587-596.; &#8211; Registar osobnih imena: str. 597-609.<\/p>\n<p>CIP \u2013 Katalogizacija u publikaciji Nacionalna i univerzitetska biblioteka Bosne i Hercegovine Sarajevo<\/p>\n<p>94 (497 .6) \u201e1861\/1869\u201c<\/p>\n<p>ISBN 9958-734-97-4<\/p>\n<p>COBISS.BH-ID 14122246<\/p>\n<p>\u0160ljivo, Galib<\/p>\n<ol start=\"14\">\n<li><strong><em> Bosna i Hercegovina 1869.\u20141878.<\/em><\/strong> \/Galib \u0160ljivo; &#8211; Te\u0161anj: &#8211; Planjax, 2011. -659 str. : ilustr. ; 21 cm.<\/li>\n<\/ol>\n<p>Rije\u010d na kraju: str. 597-602; \u2013 Schlu\u00dfwort: str. 603-610.; &#8211; Rje\u010dnik: str. 611-626. Dodatak str. 627-664.<\/p>\n<p>CIP_ katalogizacija u publikaciji<\/p>\n<p>Nacionalna i univerzitetska biblioteka<\/p>\n<p>Bosne i Hercegovine, Sarajevo<\/p>\n<p>94(497.6\u201c18\u201c(045)<\/p>\n<p>ISBN 978-9958-34 &#8211; 184 &#8211; 7<\/p>\n<p>COBISS.BH-ID 22658054<\/p>\n<p>\u0160ljivo, Galib<\/p>\n<ol start=\"15\">\n<li><strong><em> Bosna i Hercegovina 1869.\u20141878.<\/em><\/strong> <strong><em>Drugo izdanje<\/em><\/strong> \/Galib \u0160ljivo; &#8211; Te\u0161anj: &#8211; Planjax, 2013. -727 str. : ilustr. ; 21 cm.-(Biblioteka Logos; drugo izmijenjeno i dopunjeno izdanje)<\/li>\n<\/ol>\n<p>CIP- katalogizacija u publikaciji Nacionalna i univerzitetska biblioteka Bosne i Hercegovine, Sarajevo<\/p>\n<p>94(497.6\u201c18\u201c(045)<\/p>\n<p>Rije\u010d na kraju: str. 635-642; \u2013 Schlu\u00dfwort: str. 643-66520.; &#8211; Rje\u010dnik: str. 653-6672. Dodatak str. 673-729.<\/p>\n<p>COBISS.BH-ID9222278<\/p>\n<p>\u0160ljivo, Galib<\/p>\n<ol start=\"16\">\n<li><strong><em> Izlaz Bosne i Hercegovine na Jadran. Neum\u2014Klek i Sutorina u me\u0111unarodnim odnosima 1815.\u20141878.<\/em><\/strong> \/Dr. Galib \u0160ljivo;\u2013 Grafi\u010dka ku\u0107a Planjax Te\u0161anj: 2001. (\u0160tampa \u0160tamparija PLANJAX, Te\u0161anj). \u2013 374 str.; ilustracije: tri strane u boji, dvije skice terena; 22 cm.<\/li>\n<\/ol>\n<p>(Biblioteka \u201eLogos\u201c, Kolo 1, Knjiga 4.).<\/p>\n<p>Rije\u010d na kraju: str. 345-352; \u2013 Schlu\u00dfwort: str. 353-362.; &#8211; Registar li\u010dnih imena: str. 363-369; O autoru: str.373-374.<\/p>\n<p>CIP- katalogizacija u publikaciji Nacionalna i univerzitetska biblioteka Bosne i Hercegovine, Sarajevo<\/p>\n<p>94(497.6\u201c1815\/1878\u201c<\/p>\n<p>327 : 341.222 (497.6) \u201e1815\/1878\u201c<\/p>\n<p>ISBN 9958-734 -41-9<\/p>\n<p>COBISS.BH-ID 10020614<\/p>\n<p>\u0160ljivo, Galib<\/p>\n<ol start=\"17\">\n<li><strong><em> Ora\u0161je 1863.\u20141995. <\/em><\/strong>Ora\u0161je 2001. \/Dr. Galib \u0160ljivo;\u2013 likovno rje\u0161enje korica dr. Galib \u0160ljivo i Ibrahim Halilovi\u0107\/; Ora\u0161je: Mjesna zajednica Ora\u0161je, 2001.- (\u0160tampa DD \u201eGRIN\u201c Gra\u010danica). \u2013 252 str.; ilustracije: tridesetdvije strane u boji; 22 cm.<\/li>\n<\/ol>\n<p>Rije\u010d na kraju: str. 239-245; \u2013 O ovoj knjizi: str. 247-248.; Bilje\u0161ka o piscu: str. 249.<\/p>\n<p>94 (497.6 Ora\u0161je)<\/p>\n<p>355.293 (497.6 Ora\u0161je) \u201e1863.\u20141995.\u201c: 929<\/p>\n<p>\u0160ljivo, Galib<\/p>\n<ol start=\"18\">\n<li><strong><em> Bosna i Hercegovina u XIX stolje\u0107u. <\/em><\/strong><strong><em>Studije i izvori.<\/em><\/strong> \/ Galib \u0160ljivo;\u2013 Te\u0161anj, 15. septembar 2003.<\/li>\n<\/ol>\n<p>CIP- Katalogizacija u publikaciji<\/p>\n<p>Nacionalna i univerzitetska biblioteka<\/p>\n<p>Bosne i Hercegovine, Sarajevo<\/p>\n<p>94 (497.6 \u201c18\u201c<\/p>\n<p>012 \u0160ljivo G.<\/p>\n<p>&nbsp;<\/p>\n<p><strong>\u0160ljivo, Galib<\/strong><\/p>\n<p><strong>\u00a0<\/strong><\/p>\n<p>Bosna i Hercegovina u XIX stolje\u0107u: studije i<\/p>\n<p>izvori \/Galib \u0160ljivo. Te\u0161anj:- Planjax, 2003.-<\/p>\n<p>430 str.: ilustr., geogr. karte; 21 cm.-<\/p>\n<p>(Biblioteka Logos; kolo 2, knj. 2)<\/p>\n<p>Predgovor: str. 5-9 &#8211;\u00a0 Galib \u0160ljivo: kra\u0107i<\/p>\n<p>\u017eivotopis: str. 385-389. \u2013 Bibliografija radova<\/p>\n<p>Galiba \u0160ljive: str. 390-410.- Bibliografija: str.<\/p>\n<p>401 \u2013 409; bibliografske i druge bilje\u0161ke uz tekst<\/p>\n<p>ISBN 9958-734 -70-2<\/p>\n<p>COBISS.BH-ID 12336902<\/p>\n<p>\u0160ljivo, Galib<\/p>\n<ol start=\"19\">\n<li><strong> Prof. dr. Galib \u0160ljivo,<em> Bosna i Hercegovina u XIX stolje\u0107u -s<\/em><\/strong><strong><em>tudije i izvori-<\/em><\/strong> \/ Drugo izdanje. Knji\u017earska ku\u0107a PLANJAX KOMERC doo Te\u0161anj, 2016.<\/li>\n<\/ol>\n<p>CIP \u2013 Katalogozacija u publikaciji<\/p>\n<p>Nacionalna i univerzitetska biblioteka<\/p>\n<p>Bosne i Hercegovine Sarajevo<\/p>\n<p>94(497.6)\u201c18\u201c<\/p>\n<p><strong>\u0160ljivo, Galib<\/strong><\/p>\n<p>Bosna i Hercegovina u XIX stolje\u0107u: studije i izvori\/<\/p>\n<p>Galib \u0160ljivo. Te\u0161anj: Planjax komerc, 2016. \u2013 687 str. :<\/p>\n<p>ilustr. ; 21cm. &#8211;\u00a0 Edicija Historija Bosne i Hercegovine<\/p>\n<p>1788-1878; knj. 10)<\/p>\n<p>&nbsp;<\/p>\n<p>Dr. Galib \u0160ljivo kra\u0107i \u017eivotopis str. 649-685.<\/p>\n<p>-Bibliografija i bilje\u0161ke uz tekst. Registar<\/p>\n<p>ISBN 978-9958-34-184-7<\/p>\n<p>COBISS.BH-ID-22658054<\/p>\n<p>\u0160ljivo, Galib<\/p>\n<ol start=\"20\">\n<li><strong><em> Prof. dr. Galib \u0160ljivo, Bosna i Hercegovina u XIX stolje\u0107u -s<\/em><\/strong><strong><em>tudije i \u010dlanci<\/em><\/strong> \/ Drugo izdanje. Knji\u017earska ku\u0107a PLANJAX KOMERC doo Te\u0161anj, 2016.<\/li>\n<\/ol>\n<p>CIP \u2013 Katalogozacija u publikaciji<\/p>\n<p>Nacionalna i univerzitetska biblioteka<\/p>\n<p>Bosne i Hercegovine, Sarajevo<\/p>\n<p>94(497.6)(045)<\/p>\n<p><strong>\u0160ljivo, Galib<\/strong><\/p>\n<p>Bosna i Hercegovina &#8211; studije i \u010dlanci\/Galib \u0160ljivo.-<\/p>\n<p>Te\u0161anj: Planjax komerc, 2016. \u2013 726 str. :ilustr. ; 21cm. \u2013<\/p>\n<p>( Edicija Historija Bosne i Hercegovine1788-1878; knj. 8)<\/p>\n<p>&nbsp;<\/p>\n<p>Bibliografija i bilje\u0161ke uz tekst. Registar.<\/p>\n<p>ISBN 978-9958-34-181-6<\/p>\n<p>COBISS.BH-ID 22637574<\/p>\n<p>\u0160ljivo, Galib<\/p>\n<ol start=\"21\">\n<li><strong><em> Bosna i Hercegovina u XIX stolje\u0107u. U spisima stranih izvje\u0161ta\u010da.<\/em><\/strong> \/ Galib \u0160ljivo;\u2013 Te\u0161anj: &#8211; Planjax,: 2008.- 761 str. : ilustr.; 21 cm.-<\/li>\n<\/ol>\n<p>(Biblioteka \u201eLogos\u201c, kolo 6, knjiga 3.).<\/p>\n<p>CIP- katalogizacija u publikaciji Nacionalna i univerzitetska biblioteka Bosne i Hercegovine, Sarajevo<\/p>\n<p>94(497.6) \u201c18\u201c (093.2)<\/p>\n<p>012 \u0160ljivo G.<\/p>\n<p>ISBN 978- 9958-34 -042-0<\/p>\n<p>COBISS.BH-ID 16601094<\/p>\n<p>\u0160ljivo, Galib<\/p>\n<ol start=\"22\">\n<li><strong><em> Bosna i Hercegovina u XIX stolje\u0107u. -Studije i izvori-<\/em><\/strong> Drugo izdanje.\/ Galib \u0160ljivo;\u2013 Te\u0161anj: &#8211; Planjax<\/li>\n<\/ol>\n<p>Comerc, 2016.-,: 2008.- 687 str. : ilustr.; 21 cm.-<\/p>\n<p>(Biblioteka \u201eLogos\u201c, kolo 6, knjiga 2.).<\/p>\n<p>CIP- katalogizacija u publikaciji Nacionalna i univerzitetska biblioteka Bosne i Hercegovine, Sarajevo<\/p>\n<p>94(497.6) \u201c18\u201c<\/p>\n<p>Dr. Galib \u0160ljivo: kra\u0107i \u017eivotopis: str. 649-685<\/p>\n<p>-Bibliografija i bilje\u0161ke uz tekst.-Registar.<\/p>\n<p>ISBN 978- 9958-34 -184-7<\/p>\n<p>COBISS.BH-ID 22658054<\/p>\n<p>\u0160ljivo, Galib<\/p>\n<ol start=\"23\">\n<li><strong><em> Prof. dr. Galib \u0160ljivo, Bosna i Hercegovina u XIX stolje\u0107u &#8211; u spisima stranih <\/em><\/strong><strong><em>izvje\u0161ta\u010da &#8211;<\/em><\/strong> Drugo izdanje. Knji\u017earska ku\u0107a PLANJAX KOMERC doo Te\u0161anj, 2016.<\/li>\n<\/ol>\n<p>CIP \u2013 Katalogozacija u publikaciji<\/p>\n<p>Nacionalna i univerzitetska biblioteka<\/p>\n<p>Bosne i Hercegovine, Sarajevo<\/p>\n<p>94(497.6)<\/p>\n<p><strong>\u0160ljivo, Galib<\/strong><\/p>\n<p><strong>\u00a0\u00a0\u00a0\u00a0\u00a0\u00a0\u00a0\u00a0\u00a0\u00a0\u00a0\u00a0\u00a0\u00a0\u00a0 <\/strong>Bosna i Hercegovina \u2013u spisima stranih izvje\u0161ta\u010da\/<\/p>\n<p>Galib \u0160ljivo.-Te\u0161anj: Planjax komerc, 2016. \u2013 734\u00a0 str.:<\/p>\n<p>Ilustr. ; 21 cm. &#8211;\u00a0 (Edicija Historija Bosnee i Hercegovine<\/p>\n<p>1788-1878; knj9)<\/p>\n<p>&nbsp;<\/p>\n<p>Bibliografija i bilje\u0161ke uz tekst. Registar.<\/p>\n<p>ISBN 978-9958-34-182-3<\/p>\n<p>COBISS.BH-ID 22653958<\/p>\n<p>\u0160ljivo, Galib<\/p>\n<ol start=\"24\">\n<li><strong><em> Prof. dr. Galib \u0160ljivo, Historija Bosne i Hercegovine 1788-1878 Edicija u <\/em><\/strong><strong><em>dvanaest knjiga.<\/em><\/strong> \/ Galib \u0160ljivo;\u2013 Te\u0161anj: &#8211; Knji\u017earska ku\u0107a PLANJAX KOMERC doo Te\u0161anj, 2016.<\/li>\n<\/ol>\n<p>CIP- katalogizacija u publikaciji<\/p>\n<p>Nacionalna i univerzitetska biblioteka<\/p>\n<p>Bosne i Hercegovine, Sarajevo<\/p>\n<p>94(497.6) \u201c18\u201c (093.2)<\/p>\n<p>012 \u0160ljivo G.<\/p>\n<p>ISBN 978- 9958-34 -173<\/p>\n<p>COBISS.BH-ID 22586886<\/p>\n<p>&nbsp;<\/p>\n","protected":false},"excerpt":{"rendered":"<p>akademika prof. dr. Galiba \u0160ljive &nbsp; MONOGRAFIJE A-1 Objavljene monografije \u0160ljivo, Galib Klek i Sutorina u ma\u0111unarodnim odnosima 1815.\u20141878. \/Galib \u0160ljivo.- Beograd: Filozofski fakultet, 1977.- 192. str. ilustr. 3.; 21 cm. Magistarski rad odbranjen na Filozofskom fakultetu u Beogradu, 1972. godine. 949.715\u201c1815-1878\u201c &nbsp; \u0160ljivo, Galib Omer-pa\u0161a Latas u Bosni i Hercegovini 1850.\u20141852. \/ dr Galib &hellip; <a href=\"https:\/\/galibsljivo.ba\/index.php\/historijske-monografije\/\" class=\"more-link\">Nastavi \u010ditati <span class=\"screen-reader-text\">Historijske monografije<\/span> <span class=\"meta-nav\">&rarr;<\/span><\/a><\/p>\n","protected":false},"author":1,"featured_media":0,"parent":0,"menu_order":5,"comment_status":"closed","ping_status":"closed","template":"","meta":{"footnotes":""},"class_list":["post-74","page","type-page","status-publish","hentry"],"_links":{"self":[{"href":"https:\/\/galibsljivo.ba\/index.php\/wp-json\/wp\/v2\/pages\/74","targetHints":{"allow":["GET"]}}],"collection":[{"href":"https:\/\/galibsljivo.ba\/index.php\/wp-json\/wp\/v2\/pages"}],"about":[{"href":"https:\/\/galibsljivo.ba\/index.php\/wp-json\/wp\/v2\/types\/page"}],"author":[{"embeddable":true,"href":"https:\/\/galibsljivo.ba\/index.php\/wp-json\/wp\/v2\/users\/1"}],"replies":[{"embeddable":true,"href":"https:\/\/galibsljivo.ba\/index.php\/wp-json\/wp\/v2\/comments?post=74"}],"version-history":[{"count":3,"href":"https:\/\/galibsljivo.ba\/index.php\/wp-json\/wp\/v2\/pages\/74\/revisions"}],"predecessor-version":[{"id":180,"href":"https:\/\/galibsljivo.ba\/index.php\/wp-json\/wp\/v2\/pages\/74\/revisions\/180"}],"wp:attachment":[{"href":"https:\/\/galibsljivo.ba\/index.php\/wp-json\/wp\/v2\/media?parent=74"}],"curies":[{"name":"wp","href":"https:\/\/api.w.org\/{rel}","templated":true}]}}