{"id":72,"date":"2020-08-16T08:51:01","date_gmt":"2020-08-16T08:51:01","guid":{"rendered":"https:\/\/galibsljivo.ba\/?page_id=72"},"modified":"2020-08-16T10:27:58","modified_gmt":"2020-08-16T10:27:58","slug":"edicija","status":"publish","type":"page","link":"https:\/\/galibsljivo.ba\/index.php\/edicija\/","title":{"rendered":"Edicija"},"content":{"rendered":"<table border=\"0\" width=\"484\">\n<tbody>\n<tr>\n<td colspan=\"3\">\n<h2>Edicija &#8211; Historija Bosne i Hercegovine u XIX stolje\u0107u.<\/h2>\n<\/td>\n<\/tr>\n<tr>\n<td align=\"left\"><a title=\"Edicija :: Istorija BiH u XIX stolje\u0107u\" href=\"https:\/\/www.galibsljivo.com\/test1\/kickstart\/images\/stories\/knjige\/edicija.jpg\" rel=\"rokbox[700 406]\"><img decoding=\"async\" class=\"album\" src=\"https:\/\/www.galibsljivo.com\/test1\/kickstart\/images\/stories\/knjige\/edicija_thumb.jpg\" alt=\"Edicija :: Istorija BiH u XIX stolje\u0107u\" \/><\/a><\/td>\n<td>\n<ul>\n<li>Cijena Edicije: 550,00 KM.<\/li>\n<\/ul>\n<div><a href=\"https:\/\/www.galibsljivo.com\/test1\/kickstart\/index.php?option=com_contact&amp;view=contact&amp;id=1&amp;Itemid=110\"><img decoding=\"async\" src=\"https:\/\/www.galibsljivo.com\/test1\/kickstart\/images\/stories\/narudzba.png\" border=\"0\" \/><\/a><\/div>\n<\/td>\n<td><\/td>\n<\/tr>\n<tr>\n<td colspan=\"3\">Edicija Historija Bosne i Hercegovine u XIX stolje\u0107u obuhvata ove monografije:<\/td>\n<\/tr>\n<tr>\n<td colspan=\"3\">\n<hr size=\"2\" width=\"100%\" \/>\n<\/td>\n<\/tr>\n<tr>\n<td><img decoding=\"async\" src=\"https:\/\/www.galibsljivo.com\/test1\/kickstart\/images\/stories\/knjige\/izlazbih_omot_thumb.jpg\" border=\"0\" \/><\/td>\n<td><strong>dr. Galib \u0160ljivo<br \/>\n<\/strong><strong><em>Izlaz Bosne i Hercegovine na Jadran.<\/em><\/strong><\/p>\n<p><strong><em>Neum \u2014 Klek i Sutorina u me\u0111unarodnim odnosima<\/em><\/strong><\/p>\n<p><strong><em>1815. \u2014 1878.<\/em><\/strong><\/p>\n<ul>\n<li>Te\u0161anj: 2001.<\/li>\n<li>374 str.; ilustracije: tri strane u boji, dvije skice terena.<\/li>\n<\/ul>\n<\/td>\n<td>&nbsp;<\/td>\n<\/tr>\n<tr>\n<td colspan=\"3\">\n<hr size=\"2\" width=\"100%\" \/>\n<\/td>\n<\/tr>\n<tr>\n<td><img decoding=\"async\" src=\"https:\/\/www.galibsljivo.com\/test1\/kickstart\/images\/stories\/knjige\/omer_omot_thumb.jpg\" border=\"0\" \/><\/td>\n<td><strong>dr. Galib \u0160ljivo<br \/>\n<\/strong><strong><em>Omer Lutfi-pa\u0161a<\/em><em>\u00a0u\u00a0<\/em><\/strong><strong><em>Bosni i Hercegovini<\/em><\/strong><\/p>\n<p><strong><em>1<\/em><\/strong><strong><em>850.-1852.<\/em><\/strong><\/p>\n<p><strong><em>Drugo izdanje.<\/em><\/strong><\/p>\n<p align=\"center\">\n<ul>\n<li>Te\u0161anj : 2006.<\/li>\n<li>630 str.<\/li>\n<\/ul>\n<\/td>\n<td>&nbsp;<\/td>\n<\/tr>\n<tr>\n<td colspan=\"3\">\n<hr size=\"2\" width=\"100%\" \/>\n<\/td>\n<\/tr>\n<tr>\n<td><img decoding=\"async\" src=\"https:\/\/www.galibsljivo.com\/test1\/kickstart\/images\/stories\/knjige\/bih1788_thumb.jpg\" border=\"0\" \/><\/td>\n<td><strong>dr. Galib \u0160ljivo<br \/>\n<\/strong><strong><em>Bosna i Hercegovina<\/em><\/strong><\/p>\n<p><strong><em>1788.-1812.<\/em><\/strong><\/p>\n<div>\n<ul>\n<li>Travnik 1992.<\/li>\n<li>446 str.; ilustracije: dvije strane u boji; jedna topografska karta ve\u0107eg formata.<\/li>\n<\/ul>\n<\/div>\n<\/td>\n<td>&nbsp;<\/p>\n<div><\/div>\n<\/td>\n<\/tr>\n<tr>\n<td colspan=\"3\">\n<hr size=\"2\" width=\"100%\" \/>\n<\/td>\n<\/tr>\n<tr>\n<td><img decoding=\"async\" src=\"https:\/\/www.galibsljivo.com\/test1\/kickstart\/images\/stories\/knjige\/bih1813_omot_thumb.jpg\" border=\"0\" \/><\/td>\n<td><strong>dr. Galib \u0160ljivo<br \/>\n<\/strong><strong><em>Bosna i Hercegovina<\/em><\/strong><\/p>\n<p><strong><em>1813.-1826.<\/em><\/strong><\/p>\n<p><strong><em>Tre\u0107e izdanje.<\/em><\/strong><\/p>\n<div>\n<ul>\n<li>Te\u0161anj : 2006.<\/li>\n<li>474 str.; ilustracije: \u010detiri strane u boji; 20 cm.<\/li>\n<\/ul>\n<\/div>\n<\/td>\n<td>&nbsp;<\/p>\n<div><\/div>\n<\/td>\n<\/tr>\n<tr>\n<td colspan=\"3\">\n<hr size=\"2\" width=\"100%\" \/>\n<\/td>\n<\/tr>\n<tr>\n<td><img decoding=\"async\" src=\"https:\/\/www.galibsljivo.com\/test1\/kickstart\/images\/stories\/knjige\/1827_thumb.jpg\" border=\"0\" \/><\/td>\n<td><strong>dr. Galib \u0160ljivo<br \/>\n<\/strong><strong><em>Bosna i Hercegovina<\/em><\/strong><\/p>\n<p><strong><em>1827.-1849.<\/em><\/strong><\/p>\n<p><strong><em>Drugo izdanje<\/em><\/strong>.<\/p>\n<div>\n<ul>\n<li>Te\u0161anj : 2006.<\/li>\n<li>589 str.; ilustracije: \u010detiri strane; 21 cm.<\/li>\n<\/ul>\n<\/div>\n<\/td>\n<td>\n<div><\/div>\n<\/td>\n<\/tr>\n<tr>\n<td colspan=\"3\">\n<hr size=\"2\" width=\"100%\" \/>\n<\/td>\n<\/tr>\n<tr>\n<td><img decoding=\"async\" src=\"https:\/\/www.galibsljivo.com\/test1\/kickstart\/images\/stories\/knjige\/bih1849_omot_thumb.jpg\" border=\"0\" \/><\/td>\n<td><strong>dr. Galib \u0160ljivo<br \/>\n<\/strong><em><strong>Bosna i Hercegovina<\/strong><\/em><\/p>\n<p><em><strong>1849.-1853.<\/strong><\/em><\/p>\n<div>\n<ul>\n<li>Banjaluka : 1990.<\/li>\n<li>491 str.; ilustracije: \u0161est strana u boji, tri strane topografskih karata;<\/li>\n<\/ul>\n<\/div>\n<\/td>\n<td>\n<div><\/div>\n<\/td>\n<\/tr>\n<tr>\n<td colspan=\"3\">\n<hr size=\"2\" width=\"100%\" \/>\n<\/td>\n<\/tr>\n<tr>\n<td><img decoding=\"async\" src=\"https:\/\/www.galibsljivo.com\/test1\/kickstart\/images\/stories\/knjige\/bih1854_thumb.jpg\" border=\"0\" \/><\/td>\n<td><strong>dr. Galib \u0160ljivo<br \/>\n<\/strong><strong><em>Bosna i Hercegovina<\/em><\/strong><\/p>\n<p><strong><em>1854.-1860.<\/em><\/strong><\/p>\n<div>\n<ul>\n<li>Landshut: 1998.<\/li>\n<li>624 str.; ilustracije: osam strana u boji, jedna geografska karta; 22 cm<\/li>\n<\/ul>\n<\/div>\n<\/td>\n<td>\n<div><\/div>\n<\/td>\n<\/tr>\n<tr>\n<td colspan=\"3\">\n<hr size=\"2\" width=\"100%\" \/>\n<\/td>\n<\/tr>\n<tr>\n<td><img decoding=\"async\" src=\"https:\/\/www.galibsljivo.com\/test1\/kickstart\/images\/stories\/knjige\/bih_1861_omot_thumb.jpg\" border=\"0\" \/><\/td>\n<td><strong>dr. Galib \u0160ljivo<br \/>\n<\/strong><strong><em>Bosna i Hercegovina<\/em><\/strong><\/p>\n<p><strong><em>1861.-1869.<\/em><\/strong><\/p>\n<ul>\n<li>Te\u0161anj : 2005.<\/li>\n<li>610 str. ;<\/li>\n<li>24 cm.<\/li>\n<\/ul>\n<\/td>\n<td><\/td>\n<\/tr>\n<tr>\n<td colspan=\"3\">\n<hr size=\"2\" width=\"100%\" \/>\n<\/td>\n<\/tr>\n<tr>\n<td><img loading=\"lazy\" decoding=\"async\" src=\"https:\/\/www.galibsljivo.com\/test1\/kickstart\/images\/stories\/knjige\/bih18691878.jpg\" width=\"127\" height=\"179\" border=\"0\" \/><\/td>\n<td><strong>dr. Galib \u0160ljivo<br \/>\n<\/strong><strong><em>Bosna i Hercegovina<\/em><\/strong><\/p>\n<p><strong><em>1869.-1878.<\/em><\/strong><\/p>\n<ul>\n<li>Te\u0161anj : 2011.<\/li>\n<li>664 str.<\/li>\n<\/ul>\n<\/td>\n<\/tr>\n<tr>\n<td colspan=\"3\">\n<hr size=\"2\" width=\"100%\" \/>\n<\/td>\n<\/tr>\n<tr>\n<td><img decoding=\"async\" src=\"https:\/\/www.galibsljivo.com\/test1\/kickstart\/images\/stories\/knjige\/bih_XIX_st_omot_thumb.jpg\" border=\"0\" \/><\/td>\n<td><strong>dr. Galib \u0160ljivo<br \/>\n<\/strong><strong><em>Bosna i Hercegovina u XIX stolje\u0107u.<\/em><\/strong><\/p>\n<p><strong><em>Studije i izvori.<\/em><\/strong><\/p>\n<ul>\n<li>Te\u0161anj : 2003.<\/li>\n<li>410 str.<\/li>\n<\/ul>\n<\/td>\n<\/tr>\n<tr>\n<td colspan=\"3\">\n<hr size=\"2\" width=\"100%\" \/>\n<\/td>\n<\/tr>\n<tr>\n<td><img decoding=\"async\" src=\"https:\/\/www.galibsljivo.com\/test1\/kickstart\/images\/stories\/knjige\/bih_spisi_omot_thumb.jpg\" border=\"0\" \/><\/td>\n<td><strong>dr. Galib \u0160ljivo<br \/>\n<\/strong><strong><em>Bosna i Hercegovina u XIX stolje\u0107u.<\/em><\/strong><\/p>\n<p><em><strong>U spisima stranih izvje\u0161ta\u010da.<\/strong><\/em><\/p>\n<ul>\n<li>Te\u0161anj : 2008.,<\/li>\n<li>762 str.<\/li>\n<\/ul>\n<\/td>\n<\/tr>\n<tr>\n<td colspan=\"3\">\n<hr size=\"2\" width=\"100%\" \/>\n<\/td>\n<\/tr>\n<tr>\n<td><img decoding=\"async\" src=\"https:\/\/www.galibsljivo.com\/test1\/kickstart\/images\/stories\/knjige\/bih_XIX_omot_thumb.jpg\" border=\"0\" \/><\/td>\n<td>&nbsp;<\/p>\n<p><strong>dr. Galib \u0160ljivo<br \/>\n<\/strong><strong><em>Bosna i Hercegovina u XIX stolje\u0107u.<\/em><\/strong><\/p>\n<p><strong><em>Studije i \u010dlanci.<\/em><\/strong><\/p>\n<ul>\n<li>Te\u0161anj : 2008.<\/li>\n<li>750 str.<\/li>\n<\/ul>\n<\/td>\n<\/tr>\n<tr>\n<td colspan=\"3\">\n<hr size=\"2\" width=\"100%\" \/>\n<\/td>\n<\/tr>\n<tr>\n<td colspan=\"3\"><em>Cijena Edicija Historija Bosne i Hercegovine u XIX stolje\u0107u je 550,00KM<\/em><\/td>\n<\/tr>\n<tr>\n<td><a href=\"https:\/\/www.galibsljivo.com\/test1\/kickstart\/index.php?option=com_contact&amp;view=contact&amp;id=1&amp;Itemid=110\"><img decoding=\"async\" src=\"https:\/\/www.galibsljivo.com\/test1\/kickstart\/images\/stories\/narudzba.png\" border=\"0\" \/><\/a><\/td>\n<\/tr>\n<\/tbody>\n<\/table>\n","protected":false},"excerpt":{"rendered":"<p>Edicija &#8211; Historija Bosne i Hercegovine u XIX stolje\u0107u. Cijena Edicije: 550,00 KM. Edicija Historija Bosne i Hercegovine u XIX stolje\u0107u obuhvata ove monografije: dr. Galib \u0160ljivo Izlaz Bosne i Hercegovine na Jadran. Neum \u2014 Klek i Sutorina u me\u0111unarodnim odnosima 1815. \u2014 1878. Te\u0161anj: 2001. 374 str.; ilustracije: tri strane u boji, dvije skice &hellip; <a href=\"https:\/\/galibsljivo.ba\/index.php\/edicija\/\" class=\"more-link\">Nastavi \u010ditati <span class=\"screen-reader-text\">Edicija<\/span> <span class=\"meta-nav\">&rarr;<\/span><\/a><\/p>\n","protected":false},"author":1,"featured_media":0,"parent":0,"menu_order":4,"comment_status":"closed","ping_status":"closed","template":"","meta":{"footnotes":""},"class_list":["post-72","page","type-page","status-publish","hentry"],"_links":{"self":[{"href":"https:\/\/galibsljivo.ba\/index.php\/wp-json\/wp\/v2\/pages\/72","targetHints":{"allow":["GET"]}}],"collection":[{"href":"https:\/\/galibsljivo.ba\/index.php\/wp-json\/wp\/v2\/pages"}],"about":[{"href":"https:\/\/galibsljivo.ba\/index.php\/wp-json\/wp\/v2\/types\/page"}],"author":[{"embeddable":true,"href":"https:\/\/galibsljivo.ba\/index.php\/wp-json\/wp\/v2\/users\/1"}],"replies":[{"embeddable":true,"href":"https:\/\/galibsljivo.ba\/index.php\/wp-json\/wp\/v2\/comments?post=72"}],"version-history":[{"count":2,"href":"https:\/\/galibsljivo.ba\/index.php\/wp-json\/wp\/v2\/pages\/72\/revisions"}],"predecessor-version":[{"id":148,"href":"https:\/\/galibsljivo.ba\/index.php\/wp-json\/wp\/v2\/pages\/72\/revisions\/148"}],"wp:attachment":[{"href":"https:\/\/galibsljivo.ba\/index.php\/wp-json\/wp\/v2\/media?parent=72"}],"curies":[{"name":"wp","href":"https:\/\/api.w.org\/{rel}","templated":true}]}}