{"id":70,"date":"2020-08-16T08:50:38","date_gmt":"2020-08-16T08:50:38","guid":{"rendered":"https:\/\/galibsljivo.ba\/?page_id=70"},"modified":"2020-08-16T10:25:43","modified_gmt":"2020-08-16T10:25:43","slug":"knjige","status":"publish","type":"page","link":"https:\/\/galibsljivo.ba\/index.php\/knjige\/","title":{"rendered":"Knjige"},"content":{"rendered":"<table style=\"font-weight: 300;\" width=\"438\">\n<tbody>\n<tr>\n<td style=\"font-weight: 300;\" width=\"141\"><a href=\"https:\/\/galibsljivo.ba\/wp-content\/uploads\/2020\/08\/1.jpg\"><img loading=\"lazy\" decoding=\"async\" class=\"aligncenter size-thumbnail wp-image-133\" src=\"https:\/\/galibsljivo.ba\/wp-content\/uploads\/2020\/08\/1-124x150.jpg\" alt=\"\" width=\"124\" height=\"150\" \/><\/a><\/td>\n<td style=\"font-weight: 300;\" width=\"297\"><a href=\"https:\/\/www.galibsljivo.com\/test1\/kickstart\/index.php?option=com_content&amp;view=article&amp;id=95&amp;Itemid=53\">Dr. Galib \u0160ljivo,<\/a><\/p>\n<p><a href=\"https:\/\/www.galibsljivo.com\/test1\/kickstart\/index.php?option=com_content&amp;view=article&amp;id=91:1813-1826&amp;catid=38:knjige&amp;Itemid=87\"><em>Bosna i Hercegovina<\/em><\/a><\/p>\n<p><a href=\"http:\/\/www.galibsljivo.com\/index.php?option=com_content&amp;view=article&amp;id=86:1788-1812&amp;catid=38:knjige&amp;Itemid=87\"><em>1788.-1812<\/em>.<\/a><\/p>\n<p>Izme\u0111u dva rata 1739.-1787. Pripreme za rat 1787.- 1792. Ratovanje u Bosni 1788.g. Bitke kod Dubice.<\/td>\n<\/tr>\n<tr>\n<td style=\"font-weight: 300;\" width=\"141\"><a href=\"https:\/\/galibsljivo.ba\/wp-content\/uploads\/2020\/08\/2.jpg\"><img loading=\"lazy\" decoding=\"async\" class=\"aligncenter size-thumbnail wp-image-134\" src=\"https:\/\/galibsljivo.ba\/wp-content\/uploads\/2020\/08\/2-124x150.jpg\" alt=\"\" width=\"124\" height=\"150\" \/><\/a><\/td>\n<td style=\"font-weight: 300;\" width=\"297\"><a href=\"https:\/\/www.galibsljivo.com\/test1\/kickstart\/index.php?option=com_content&amp;view=article&amp;id=95&amp;Itemid=53\">Dr. Galib \u0160ljivo,<\/a><\/p>\n<p><a href=\"https:\/\/www.galibsljivo.com\/test1\/kickstart\/index.php?option=com_content&amp;view=article&amp;id=91:1813-1826&amp;catid=38:knjige&amp;Itemid=87\"><em>Bosna i Hercegovina<\/em><\/a><\/p>\n<p><a href=\"https:\/\/www.galibsljivo.com\/test1\/kickstart\/index.php?option=com_content&amp;view=article&amp;id=91:1813-1826&amp;catid=38:knjige&amp;Itemid=87\"><em>1813.-1826<\/em>.<\/a><\/p>\n<p>Bosanski ejalet 1813.-1826. Prvi nemiri u Bosni (1813.-1814.); Sulejman-pa\u0161a Skopljak u Bosni.<\/td>\n<\/tr>\n<tr>\n<td style=\"font-weight: 300;\" width=\"141\"><a href=\"https:\/\/galibsljivo.ba\/wp-content\/uploads\/2020\/08\/3.jpg\"><img loading=\"lazy\" decoding=\"async\" class=\"aligncenter size-thumbnail wp-image-135\" src=\"https:\/\/galibsljivo.ba\/wp-content\/uploads\/2020\/08\/3-124x150.jpg\" alt=\"\" width=\"124\" height=\"150\" \/><\/a><\/td>\n<td style=\"font-weight: 300;\" width=\"297\"><a href=\"https:\/\/www.galibsljivo.com\/test1\/kickstart\/index.php?option=com_content&amp;view=article&amp;id=95&amp;Itemid=53\">Dr. Galib \u0160ljivo,<\/a><\/p>\n<p><a href=\"https:\/\/www.galibsljivo.com\/test1\/kickstart\/index.php?option=com_content&amp;view=article&amp;id=90:1849-1853&amp;catid=38:knjige&amp;Itemid=87\"><em>Bosna i Hercegovina<\/em><\/a><\/p>\n<p><a href=\"https:\/\/www.galibsljivo.com\/test1\/kickstart\/index.php?option=com_content&amp;view=article&amp;id=90:1849-1853&amp;catid=38:knjige&amp;Itemid=87\"><em>1827.-1849<\/em>.<\/a><\/p>\n<p>Kraj janji\u010dara; Hasanaga Be\u0161irevi\u0107-Pe\u0107ki, kapetani i Austrija; Pokret Huseinbega Grada\u0161\u010devi\u0107a.<\/td>\n<\/tr>\n<tr>\n<td style=\"font-weight: 300;\" width=\"141\"><a href=\"https:\/\/galibsljivo.ba\/wp-content\/uploads\/2020\/08\/4.jpg\"><img loading=\"lazy\" decoding=\"async\" class=\"aligncenter size-thumbnail wp-image-136\" src=\"https:\/\/galibsljivo.ba\/wp-content\/uploads\/2020\/08\/4-124x150.jpg\" alt=\"\" width=\"124\" height=\"150\" \/><\/a><\/td>\n<td style=\"font-weight: 300;\" width=\"297\"><a href=\"https:\/\/www.galibsljivo.com\/test1\/kickstart\/index.php?option=com_content&amp;view=article&amp;id=95&amp;Itemid=53\">Dr. Galib \u0160ljivo,<\/a><\/p>\n<p><a href=\"https:\/\/www.galibsljivo.com\/test1\/kickstart\/index.php?option=com_content&amp;view=article&amp;id=89:1849-1853&amp;catid=38:knjige&amp;Itemid=87\"><em>Bosna i Hercegovina<\/em><\/a><\/p>\n<p><a href=\"https:\/\/www.galibsljivo.com\/test1\/kickstart\/index.php?option=com_content&amp;view=article&amp;id=89:1849-1853&amp;catid=38:knjige&amp;Itemid=87\"><em>1849.-1853<\/em>.<\/a><\/p>\n<p>Tahir-pa\u0161a; Omer-pa\u0161a; Dolazak konzula; Omer-pa\u0161a i hri\u0161\u0107anska raja.<\/td>\n<\/tr>\n<tr>\n<td style=\"font-weight: 300;\" width=\"141\"><a href=\"https:\/\/galibsljivo.ba\/wp-content\/uploads\/2020\/08\/5.jpg\"><img loading=\"lazy\" decoding=\"async\" class=\"aligncenter size-thumbnail wp-image-137\" src=\"https:\/\/galibsljivo.ba\/wp-content\/uploads\/2020\/08\/5-124x150.jpg\" alt=\"\" width=\"124\" height=\"150\" \/><\/a><\/td>\n<td style=\"font-weight: 300;\" width=\"297\"><a href=\"https:\/\/www.galibsljivo.com\/test1\/kickstart\/index.php?option=com_content&amp;view=article&amp;id=95&amp;Itemid=53\">Dr. Galib \u0160ljivo,<\/a><\/p>\n<p><a href=\"https:\/\/www.galibsljivo.com\/test1\/kickstart\/index.php?option=com_content&amp;view=article&amp;id=87:1854-1860&amp;catid=38:knjige&amp;Itemid=87\"><em>Bosna i Hercegovina<\/em><\/a><\/p>\n<p><a href=\"https:\/\/www.galibsljivo.com\/test1\/kickstart\/index.php?option=com_content&amp;view=article&amp;id=87:1854-1860&amp;catid=38:knjige&amp;Itemid=87\"><em>1854.-1860<\/em>.<\/a><\/p>\n<p>Bosna i Hercegovina u vrijeme Krimskog rata; Hatihumajun. Odlazak Hur\u0161id-pa\u0161e.<\/td>\n<\/tr>\n<tr>\n<td style=\"font-weight: 300;\" width=\"141\"><a href=\"https:\/\/galibsljivo.ba\/wp-content\/uploads\/2020\/08\/6.jpg\"><img loading=\"lazy\" decoding=\"async\" class=\"aligncenter size-thumbnail wp-image-138\" src=\"https:\/\/galibsljivo.ba\/wp-content\/uploads\/2020\/08\/6-124x150.jpg\" alt=\"\" width=\"124\" height=\"150\" \/><\/a><\/td>\n<td style=\"font-weight: 300;\" width=\"297\"><a href=\"https:\/\/www.galibsljivo.com\/test1\/kickstart\/index.php?option=com_content&amp;view=article&amp;id=95&amp;Itemid=53\">Dr. Galib \u0160ljivo,<\/a><\/p>\n<p><a href=\"https:\/\/www.galibsljivo.com\/test1\/kickstart\/index.php?option=com_content&amp;view=article&amp;id=88:1861-1869&amp;catid=38:knjige&amp;Itemid=87\"><em>Bosna i Hercegovina<\/em><\/a><\/p>\n<p><a href=\"https:\/\/www.galibsljivo.com\/test1\/kickstart\/index.php?option=com_content&amp;view=article&amp;id=88:1861-1869&amp;catid=38:knjige&amp;Itemid=87\"><em>1861.-1869<\/em>.<\/a><\/p>\n<p>Dolazak \u0160erif Osman-pa\u0161e; Neredi na crnogorsko-hercegova\u010dkoj granici Po\u010detak vladavine Abdul\u00a0<sup>Aziz-hana.<\/sup><\/td>\n<\/tr>\n<tr>\n<td style=\"font-weight: 300;\" width=\"141\"><a href=\"https:\/\/galibsljivo.ba\/wp-content\/uploads\/2020\/08\/7.jpg\"><img loading=\"lazy\" decoding=\"async\" class=\"aligncenter size-thumbnail wp-image-139\" src=\"https:\/\/galibsljivo.ba\/wp-content\/uploads\/2020\/08\/7-150x150.jpg\" alt=\"\" width=\"150\" height=\"150\" \/><\/a><\/td>\n<td style=\"font-weight: 300;\" width=\"297\"><a href=\"https:\/\/www.galibsljivo.com\/test1\/kickstart\/index.php?option=com_content&amp;view=article&amp;id=95&amp;Itemid=53\">Dr. Galib \u0160ljivo,<\/a><\/p>\n<p><a href=\"https:\/\/www.galibsljivo.com\/test1\/kickstart\/index.php?option=com_content&amp;view=article&amp;id=117:1869-1878&amp;catid=38:knjige&amp;Itemid=87\"><em>Bosna i Hercegovina<\/em><\/a><\/p>\n<p><a href=\"https:\/\/www.galibsljivo.com\/test1\/kickstart\/index.php?option=com_content&amp;view=article&amp;id=117:1869-1878&amp;catid=38:knjige&amp;Itemid=87\"><em>1869.-1878.<\/em><\/a><\/p>\n<p>Prilike u Bosni i Hercegovini 1869.-1878.<\/td>\n<\/tr>\n<tr>\n<td style=\"font-weight: 300;\" width=\"141\"><a href=\"https:\/\/galibsljivo.ba\/wp-content\/uploads\/2020\/08\/8.jpg\"><img loading=\"lazy\" decoding=\"async\" class=\"aligncenter size-full wp-image-140\" src=\"https:\/\/galibsljivo.ba\/wp-content\/uploads\/2020\/08\/8.jpg\" alt=\"\" width=\"100\" height=\"129\" \/><\/a><\/td>\n<td style=\"font-weight: 300;\" width=\"297\"><a href=\"https:\/\/www.galibsljivo.com\/test1\/kickstart\/index.php?option=com_content&amp;view=article&amp;id=95&amp;Itemid=53\">Dr. Galib \u0160ljivo,<\/a><\/p>\n<p><a href=\"https:\/\/www.galibsljivo.com\/test1\/kickstart\/index.php?option=com_content&amp;view=article&amp;id=82:omer-lutfi-pasa&amp;catid=38:knjige&amp;Itemid=87\"><em>Omer Lutfi-pa\u0161a u Bosni i Hercegovini<\/em><\/a><\/p>\n<p><a href=\"https:\/\/www.galibsljivo.com\/test1\/kickstart\/index.php?option=com_content&amp;view=article&amp;id=82:omer-lutfi-pasa&amp;catid=38:knjige&amp;Itemid=87\"><em>1850.-1852<\/em>.<\/a><\/p>\n<p>Prilike u Bosni i Hercegovini 1832.-1847; Susjedi prema Bosni i Hercegovini .<\/td>\n<\/tr>\n<tr>\n<td style=\"font-weight: 300;\" width=\"141\"><a href=\"https:\/\/galibsljivo.ba\/wp-content\/uploads\/2020\/08\/9.jpg\"><img loading=\"lazy\" decoding=\"async\" class=\"aligncenter size-thumbnail wp-image-141\" src=\"https:\/\/galibsljivo.ba\/wp-content\/uploads\/2020\/08\/9-124x150.jpg\" alt=\"\" width=\"124\" height=\"150\" \/><\/a><\/td>\n<td style=\"font-weight: 300;\" width=\"297\"><a href=\"https:\/\/www.galibsljivo.com\/test1\/kickstart\/index.php?option=com_content&amp;view=article&amp;id=95&amp;Itemid=53\">Dr. Galib \u0160ljivo,<\/a><\/p>\n<p><a href=\"https:\/\/www.galibsljivo.com\/test1\/kickstart\/index.php?option=com_content&amp;view=article&amp;id=92:bhxix&amp;catid=38:knjige&amp;Itemid=87\"><em>Bosna i Hercegovina u XIX stolje\u0107u<\/em><\/a><\/p>\n<p><a href=\"https:\/\/www.galibsljivo.com\/test1\/kickstart\/index.php?option=com_content&amp;view=article&amp;id=92:bhxix&amp;catid=38:knjige&amp;Itemid=87\"><em>U spisima stranih izvje\u0161ta\u010da<\/em>.<\/a><\/p>\n<p>Otvaranje \u201eAustrijskog Carskog konzulata\u201d u Bosni; Zatvaranje \u201eAustrijskog Carskog konzulata&#8221; u Bosni.<\/td>\n<\/tr>\n<tr>\n<td style=\"font-weight: 300;\" width=\"141\"><a href=\"https:\/\/galibsljivo.ba\/wp-content\/uploads\/2020\/08\/10.jpg\"><img loading=\"lazy\" decoding=\"async\" class=\"aligncenter size-thumbnail wp-image-142\" src=\"https:\/\/galibsljivo.ba\/wp-content\/uploads\/2020\/08\/10-124x150.jpg\" alt=\"\" width=\"124\" height=\"150\" \/><\/a><\/td>\n<td style=\"font-weight: 300;\" width=\"297\"><a href=\"https:\/\/www.galibsljivo.com\/test1\/kickstart\/index.php?option=com_content&amp;view=article&amp;id=95&amp;Itemid=53\">Dr. Galib \u0160ljivo,<\/a><\/p>\n<p><a href=\"https:\/\/www.galibsljivo.com\/test1\/kickstart\/index.php?option=com_content&amp;view=article&amp;id=85:bih-19&amp;catid=38:knjige&amp;Itemid=87\"><em>Bosna i Hercegovina XIX stolje\u0107u<\/em><\/a><\/p>\n<p><a href=\"https:\/\/www.galibsljivo.com\/test1\/kickstart\/index.php?option=com_content&amp;view=article&amp;id=85:bih-19&amp;catid=38:knjige&amp;Itemid=87\"><em>Studije i izvori<\/em>.<\/a><\/p>\n<p>O Bosni 1864. godine; Bosanska Gradi\u0161ka u posljednjem stolje\u0107u osmanske uprave .<\/td>\n<\/tr>\n<tr>\n<td style=\"font-weight: 300;\" width=\"141\"><a href=\"https:\/\/galibsljivo.ba\/wp-content\/uploads\/2020\/08\/11.jpg\"><img loading=\"lazy\" decoding=\"async\" class=\"aligncenter size-thumbnail wp-image-143\" src=\"https:\/\/galibsljivo.ba\/wp-content\/uploads\/2020\/08\/11-124x150.jpg\" alt=\"\" width=\"124\" height=\"150\" \/><\/a><\/td>\n<td style=\"font-weight: 300;\" width=\"297\"><a href=\"https:\/\/www.galibsljivo.com\/test1\/kickstart\/index.php?option=com_content&amp;view=article&amp;id=95&amp;Itemid=53\">Dr. Galib \u0160ljivo,<\/a><\/p>\n<p><a href=\"https:\/\/www.galibsljivo.com\/test1\/kickstart\/index.php?option=com_content&amp;view=article&amp;id=93:bhxix&amp;catid=38:knjige&amp;Itemid=87\"><em>Izlaz Bosne i Hercegovine na Jadran<\/em><\/a><\/p>\n<p>Neum-Klek i Sutorina i uprava u Dalmaciji; Za bosanske enklave ofanzivno-defanzivni savez; Misija Bernarda Kaboge .<\/td>\n<\/tr>\n<tr>\n<td style=\"font-weight: 300;\" width=\"141\"><a href=\"https:\/\/galibsljivo.ba\/wp-content\/uploads\/2020\/08\/12.jpg\"><img loading=\"lazy\" decoding=\"async\" class=\"aligncenter size-thumbnail wp-image-144\" src=\"https:\/\/galibsljivo.ba\/wp-content\/uploads\/2020\/08\/12-150x150.jpg\" alt=\"\" width=\"150\" height=\"150\" \/><\/a><\/td>\n<td style=\"font-weight: 300;\" width=\"297\"><a href=\"https:\/\/www.galibsljivo.com\/test1\/kickstart\/index.php?option=com_content&amp;view=article&amp;id=95&amp;Itemid=53\">Dr. Galib \u0160ljivo,<\/a><\/p>\n<p><a href=\"https:\/\/www.galibsljivo.com\/test1\/kickstart\/index.php?option=com_content&amp;view=article&amp;id=118:orasje18631995&amp;catid=38:knjige&amp;Itemid=87\"><em>Ora\u0161je<\/em><\/a><\/p>\n<p><a href=\"https:\/\/www.galibsljivo.com\/test1\/kickstart\/index.php?option=com_content&amp;view=article&amp;id=118:orasje18631995&amp;catid=38:knjige&amp;Itemid=87\"><em>1863. &#8211; 1995<\/em>.<\/a><\/p>\n<p>Doprinos Bo\u0161njaka i Hrvata odbrani u ratu 1992.-1995. godine.<\/td>\n<\/tr>\n<tr>\n<td style=\"font-weight: 300;\" width=\"141\"><a href=\"https:\/\/galibsljivo.ba\/wp-content\/uploads\/2020\/08\/bih18691878.jpg\"><img loading=\"lazy\" decoding=\"async\" class=\"aligncenter size-thumbnail wp-image-145\" src=\"https:\/\/galibsljivo.ba\/wp-content\/uploads\/2020\/08\/bih18691878-150x150.jpg\" alt=\"\" width=\"150\" height=\"150\" \/><\/a><\/td>\n<td style=\"font-weight: 300;\" width=\"297\"><a href=\"https:\/\/www.galibsljivo.com\/test1\/kickstart\/index.php?option=com_content&amp;view=article&amp;id=95&amp;Itemid=53\">Dr. Galib \u0160ljivo,<\/a><\/p>\n<p><em>Bosna i Hercegovina<\/em><\/p>\n<p><a href=\"https:\/\/www.galibsljivo.com\/test1\/kickstart\/index.php?option=com_content&amp;view=article&amp;id=117:1869-1878&amp;catid=38:knjige&amp;Itemid=87\"><em>1869. &#8211; 1878.<\/em><\/a><\/p>\n<p>Prilike u Bosni i Hercegovini \u00a0 1869.-1878. godine.\u00a0<em>Drugo dopunjeno izdanje.<\/em><\/td>\n<\/tr>\n<\/tbody>\n<\/table>\n","protected":false},"excerpt":{"rendered":"<p>Dr. Galib \u0160ljivo, Bosna i Hercegovina 1788.-1812. Izme\u0111u dva rata 1739.-1787. Pripreme za rat 1787.- 1792. Ratovanje u Bosni 1788.g. Bitke kod Dubice. Dr. Galib \u0160ljivo, Bosna i Hercegovina 1813.-1826. Bosanski ejalet 1813.-1826. Prvi nemiri u Bosni (1813.-1814.); Sulejman-pa\u0161a Skopljak u Bosni. Dr. Galib \u0160ljivo, Bosna i Hercegovina 1827.-1849. Kraj janji\u010dara; Hasanaga Be\u0161irevi\u0107-Pe\u0107ki, kapetani i &hellip; <a href=\"https:\/\/galibsljivo.ba\/index.php\/knjige\/\" class=\"more-link\">Nastavi \u010ditati <span class=\"screen-reader-text\">Knjige<\/span> <span class=\"meta-nav\">&rarr;<\/span><\/a><\/p>\n","protected":false},"author":1,"featured_media":0,"parent":0,"menu_order":3,"comment_status":"closed","ping_status":"closed","template":"","meta":{"footnotes":""},"class_list":["post-70","page","type-page","status-publish","hentry"],"_links":{"self":[{"href":"https:\/\/galibsljivo.ba\/index.php\/wp-json\/wp\/v2\/pages\/70","targetHints":{"allow":["GET"]}}],"collection":[{"href":"https:\/\/galibsljivo.ba\/index.php\/wp-json\/wp\/v2\/pages"}],"about":[{"href":"https:\/\/galibsljivo.ba\/index.php\/wp-json\/wp\/v2\/types\/page"}],"author":[{"embeddable":true,"href":"https:\/\/galibsljivo.ba\/index.php\/wp-json\/wp\/v2\/users\/1"}],"replies":[{"embeddable":true,"href":"https:\/\/galibsljivo.ba\/index.php\/wp-json\/wp\/v2\/comments?post=70"}],"version-history":[{"count":4,"href":"https:\/\/galibsljivo.ba\/index.php\/wp-json\/wp\/v2\/pages\/70\/revisions"}],"predecessor-version":[{"id":147,"href":"https:\/\/galibsljivo.ba\/index.php\/wp-json\/wp\/v2\/pages\/70\/revisions\/147"}],"wp:attachment":[{"href":"https:\/\/galibsljivo.ba\/index.php\/wp-json\/wp\/v2\/media?parent=70"}],"curies":[{"name":"wp","href":"https:\/\/api.w.org\/{rel}","templated":true}]}}